{"id":843,"date":"2022-12-15T11:07:29","date_gmt":"2022-12-15T09:07:29","guid":{"rendered":"http:\/\/www.produccions.com.mialias.net\/?page_id=843"},"modified":"2023-06-30T16:28:41","modified_gmt":"2023-06-30T14:28:41","slug":"inicio","status":"publish","type":"page","link":"https:\/\/produccionssubmarines.com\/es\/","title":{"rendered":"Inicio"},"content":{"rendered":"\t\t<div data-elementor-type=\"wp-page\" data-elementor-id=\"843\" class=\"elementor elementor-843 elementor-12\">\n\t\t\t\t\t\t<section class=\"elementor-section elementor-top-section elementor-element elementor-element-c9d2840 elementor-section-height-full elementor-section-boxed elementor-section-height-default elementor-section-items-middle\" data-id=\"c9d2840\" data-element_type=\"section\" data-settings=\"{&quot;jet_parallax_layout_list&quot;:[],&quot;background_background&quot;:&quot;classic&quot;}\">\n\t\t\t\t\t\t\t<div class=\"elementor-background-overlay\"><\/div>\n\t\t\t\t\t\t\t<div class=\"elementor-container elementor-column-gap-default\">\n\t\t\t\t\t<div class=\"elementor-column elementor-col-100 elementor-top-column elementor-element elementor-element-bbdb9ad\" data-id=\"bbdb9ad\" data-element_type=\"column\">\n\t\t\t<div class=\"elementor-widget-wrap elementor-element-populated\">\n\t\t\t\t\t\t<div class=\"elementor-element elementor-element-c52f896 elementor-widget elementor-widget-heading\" data-id=\"c52f896\" data-element_type=\"widget\" data-widget_type=\"heading.default\">\n\t\t\t\t<div class=\"elementor-widget-container\">\n\t\t\t\t\t<h1 class=\"elementor-heading-title elementor-size-default\">Produccions submarines<\/h1>\t\t\t\t<\/div>\n\t\t\t\t<\/div>\n\t\t\t\t<div class=\"elementor-element elementor-element-826961f elementor-widget-divider--separator-type-pattern elementor-widget-divider--no-spacing elementor-widget-divider--view-line elementor-widget elementor-widget-divider\" data-id=\"826961f\" data-element_type=\"widget\" data-widget_type=\"divider.default\">\n\t\t\t\t<div class=\"elementor-widget-container\">\n\t\t\t\t\t\t\t<div class=\"elementor-divider\" style=\"--divider-pattern-url: url(&quot;data:image\/svg+xml,%3Csvg xmlns=&#039;http:\/\/www.w3.org\/2000\/svg&#039; preserveAspectRatio=&#039;xMidYMid meet&#039; overflow=&#039;visible&#039; height=&#039;100%&#039; viewBox=&#039;0 0 120 26&#039; fill=&#039;black&#039; stroke=&#039;none&#039;%3E%3Cpath d=&#039;M54,1.6V26h-9V2.5L54,1.6z M69,1.6v23.3L60,26V1.6H69z M24,1.6v23.5l-9-0.6V1.6H24z M30,0l9,0.7v24.5h-9V0z M9,2.5v22H0V3.7L9,2.5z M75,1.6l9,0.9v22h-9V1.6z M99,2.7v21.7h-9V3.8L99,2.7z M114,3.8v20.7l-9-0.5V3.8L114,3.8z&#039;\/%3E%3C\/svg%3E&quot;);\">\n\t\t\t<span class=\"elementor-divider-separator\">\n\t\t\t\t\t\t<\/span>\n\t\t<\/div>\n\t\t\t\t\t\t<\/div>\n\t\t\t\t<\/div>\n\t\t\t\t<div class=\"elementor-element elementor-element-8e19819 elementor-widget elementor-widget-text-editor\" data-id=\"8e19819\" data-element_type=\"widget\" data-widget_type=\"text-editor.default\">\n\t\t\t\t<div class=\"elementor-widget-container\">\n\t\t\t\t\t\t\t\t\t<p>\u00a1Convierte tus eventos en experiencias inolvidables con nuestra <strong>empresa de management<\/strong>! Nos especializamos en representar y potenciar talentosos grupos de m\u00fasica, ofreciendo servicios de sonorizaci\u00f3n e iluminaci\u00f3n de vanguardia para conciertos impactantes. Adem\u00e1s, gestionamos y programamos espacios culturales, creando un ambiente \u00fanico y lleno de magia. \u00a1Conf\u00eda en nosotros y eleva tu evento a otro nivel!<\/p>\t\t\t\t\t\t\t\t<\/div>\n\t\t\t\t<\/div>\n\t\t\t\t<div class=\"elementor-element elementor-element-e59a8dd elementor-widget elementor-widget-text-editor\" data-id=\"e59a8dd\" data-element_type=\"widget\" data-widget_type=\"text-editor.default\">\n\t\t\t\t<div class=\"elementor-widget-container\">\n\t\t\t\t\t\t\t\t\t<p><strong>Grupos con los que hemos trabajado:<\/strong><br \/><em>La Pegatina, La Oreja de Van Gogh, Rozalen, Macaco, Ska-p, El Pets, Zoo, Rosario, Los Secretos, Doctor <\/em><em>Prats, entre otros.<\/em><\/p>\t\t\t\t\t\t\t\t<\/div>\n\t\t\t\t<\/div>\n\t\t\t\t<section class=\"elementor-section elementor-inner-section elementor-element elementor-element-cab8674 elementor-section-boxed elementor-section-height-default elementor-section-height-default\" data-id=\"cab8674\" data-element_type=\"section\" data-settings=\"{&quot;jet_parallax_layout_list&quot;:[]}\">\n\t\t\t\t\t\t<div class=\"elementor-container elementor-column-gap-default\">\n\t\t\t\t\t<div class=\"elementor-column elementor-col-33 elementor-inner-column elementor-element elementor-element-2040081\" data-id=\"2040081\" data-element_type=\"column\">\n\t\t\t<div class=\"elementor-widget-wrap elementor-element-populated\">\n\t\t\t\t\t\t<div class=\"elementor-element elementor-element-8123bad elementor-widget elementor-widget-jet-button\" data-id=\"8123bad\" data-element_type=\"widget\" data-widget_type=\"jet-button.default\">\n\t\t\t\t<div class=\"elementor-widget-container\">\n\t\t\t\t\t<div class=\"elementor-jet-button jet-elements\"><div class=\"jet-button__container\">\n\t<a class=\"jet-button__instance jet-button__instance--icon-left hover-effect-0\" href=\"https:\/\/produccionssubmarines.com\/es\/grupos\/#roster\">\n\t\t<div class=\"jet-button__plane jet-button__plane-normal\"><\/div>\n\t\t<div class=\"jet-button__plane jet-button__plane-hover\"><\/div>\n\t\t<div class=\"jet-button__state jet-button__state-normal\">\n\t\t\t<span class=\"jet-button__label\">Roster<\/span>\t\t<\/div>\n\t\t<div class=\"jet-button__state jet-button__state-hover\">\n\t\t\t<span class=\"jet-button__label\">Roster<\/span>\t\t<\/div>\n\t<\/a>\n<\/div>\n<\/div>\t\t\t\t<\/div>\n\t\t\t\t<\/div>\n\t\t\t\t\t<\/div>\n\t\t<\/div>\n\t\t\t\t<div class=\"elementor-column elementor-col-33 elementor-inner-column elementor-element elementor-element-d0c716e\" data-id=\"d0c716e\" data-element_type=\"column\">\n\t\t\t<div class=\"elementor-widget-wrap elementor-element-populated\">\n\t\t\t\t\t\t<div class=\"elementor-element elementor-element-3579cec elementor-widget elementor-widget-jet-button\" data-id=\"3579cec\" data-element_type=\"widget\" data-widget_type=\"jet-button.default\">\n\t\t\t\t<div class=\"elementor-widget-container\">\n\t\t\t\t\t<div class=\"elementor-jet-button jet-elements\"><div class=\"jet-button__container\">\n\t<a class=\"jet-button__instance jet-button__instance--icon-left hover-effect-0\" href=\"https:\/\/produccionssubmarines.com\/es\/grupos\/#versiones\">\n\t\t<div class=\"jet-button__plane jet-button__plane-normal\"><\/div>\n\t\t<div class=\"jet-button__plane jet-button__plane-hover\"><\/div>\n\t\t<div class=\"jet-button__state jet-button__state-normal\">\n\t\t\t<span class=\"jet-button__label\">Versiones Submarinas<\/span>\t\t<\/div>\n\t\t<div class=\"jet-button__state jet-button__state-hover\">\n\t\t\t<span class=\"jet-button__label\">Versions Submarines<\/span>\t\t<\/div>\n\t<\/a>\n<\/div>\n<\/div>\t\t\t\t<\/div>\n\t\t\t\t<\/div>\n\t\t\t\t\t<\/div>\n\t\t<\/div>\n\t\t\t\t<div class=\"elementor-column elementor-col-33 elementor-inner-column elementor-element elementor-element-3a05d3b\" data-id=\"3a05d3b\" data-element_type=\"column\">\n\t\t\t<div class=\"elementor-widget-wrap elementor-element-populated\">\n\t\t\t\t\t\t<div class=\"elementor-element elementor-element-31b9e27 elementor-widget elementor-widget-jet-button\" data-id=\"31b9e27\" data-element_type=\"widget\" data-widget_type=\"jet-button.default\">\n\t\t\t\t<div class=\"elementor-widget-container\">\n\t\t\t\t\t<div class=\"elementor-jet-button jet-elements\"><div class=\"jet-button__container\">\n\t<a class=\"jet-button__instance jet-button__instance--icon-left hover-effect-0\" href=\"https:\/\/produccionssubmarines.com\/es\/grupos\/#booking\">\n\t\t<div class=\"jet-button__plane jet-button__plane-normal\"><\/div>\n\t\t<div class=\"jet-button__plane jet-button__plane-hover\"><\/div>\n\t\t<div class=\"jet-button__state jet-button__state-normal\">\n\t\t\t<span class=\"jet-button__label\">Booking<\/span>\t\t<\/div>\n\t\t<div class=\"jet-button__state jet-button__state-hover\">\n\t\t\t<span class=\"jet-button__label\">Booking<\/span>\t\t<\/div>\n\t<\/a>\n<\/div>\n<\/div>\t\t\t\t<\/div>\n\t\t\t\t<\/div>\n\t\t\t\t\t<\/div>\n\t\t<\/div>\n\t\t\t\t\t<\/div>\n\t\t<\/section>\n\t\t\t\t\t<\/div>\n\t\t<\/div>\n\t\t\t\t\t<\/div>\n\t\t<\/section>\n\t\t\t\t<\/div>\n\t\t","protected":false},"excerpt":{"rendered":"<p>Produccions submarines \u00a1Convierte tus eventos en experiencias inolvidables con nuestra empresa de management! Nos especializamos en representar y potenciar talentosos grupos de m\u00fasica, ofreciendo servicios de sonorizaci\u00f3n e iluminaci\u00f3n de vanguardia para conciertos impactantes. Adem\u00e1s, gestionamos y programamos espacios culturales, creando un ambiente \u00fanico y lleno de magia. \u00a1Conf\u00eda en nosotros y eleva tu evento [&hellip;]<\/p>\n","protected":false},"author":1,"featured_media":0,"parent":0,"menu_order":0,"comment_status":"closed","ping_status":"closed","template":"elementor_header_footer","meta":{"_acf_changed":false,"footnotes":""},"class_list":["post-843","page","type-page","status-publish","hentry"],"acf":[],"yoast_head":"<!-- This site is optimized with the Yoast SEO plugin v26.7 - https:\/\/yoast.com\/wordpress\/plugins\/seo\/ -->\n<title>Inicio - Produccions Submarines<\/title>\n<meta name=\"robots\" content=\"index, follow, max-snippet:-1, max-image-preview:large, max-video-preview:-1\" \/>\n<link rel=\"canonical\" href=\"https:\/\/produccionssubmarines.com\/es\/\" \/>\n<meta property=\"og:locale\" content=\"es_ES\" \/>\n<meta property=\"og:type\" content=\"article\" \/>\n<meta property=\"og:title\" content=\"Inicio - Produccions Submarines\" \/>\n<meta property=\"og:description\" content=\"Produccions submarines \u00a1Convierte tus eventos en experiencias inolvidables con nuestra empresa de management! Nos especializamos en representar y potenciar talentosos grupos de m\u00fasica, ofreciendo servicios de sonorizaci\u00f3n e iluminaci\u00f3n de vanguardia para conciertos impactantes. Adem\u00e1s, gestionamos y programamos espacios culturales, creando un ambiente \u00fanico y lleno de magia. \u00a1Conf\u00eda en nosotros y eleva tu evento [&hellip;]\" \/>\n<meta property=\"og:url\" content=\"https:\/\/produccionssubmarines.com\/es\/\" \/>\n<meta property=\"og:site_name\" content=\"Produccions Submarines\" \/>\n<meta property=\"article:publisher\" content=\"https:\/\/es-es.facebook.com\/ProduccionsSubmarines\/\" \/>\n<meta property=\"article:modified_time\" content=\"2023-06-30T14:28:41+00:00\" \/>\n<meta name=\"twitter:card\" content=\"summary_large_image\" \/>\n<meta name=\"twitter:label1\" content=\"Tiempo de lectura\" \/>\n\t<meta name=\"twitter:data1\" content=\"1 minuto\" \/>\n<script type=\"application\/ld+json\" class=\"yoast-schema-graph\">{\"@context\":\"https:\/\/schema.org\",\"@graph\":[{\"@type\":\"WebPage\",\"@id\":\"https:\/\/produccionssubmarines.com\/es\/\",\"url\":\"https:\/\/produccionssubmarines.com\/es\/\",\"name\":\"Inicio - Produccions Submarines\",\"isPartOf\":{\"@id\":\"https:\/\/produccionssubmarines.com\/es\/#website\"},\"datePublished\":\"2022-12-15T09:07:29+00:00\",\"dateModified\":\"2023-06-30T14:28:41+00:00\",\"breadcrumb\":{\"@id\":\"https:\/\/produccionssubmarines.com\/es\/#breadcrumb\"},\"inLanguage\":\"es\",\"potentialAction\":[{\"@type\":\"ReadAction\",\"target\":[\"https:\/\/produccionssubmarines.com\/es\/\"]}]},{\"@type\":\"BreadcrumbList\",\"@id\":\"https:\/\/produccionssubmarines.com\/es\/#breadcrumb\",\"itemListElement\":[{\"@type\":\"ListItem\",\"position\":1,\"name\":\"Inici\",\"item\":\"https:\/\/produccionssubmarines.com\/es\/\"},{\"@type\":\"ListItem\",\"position\":2,\"name\":\"Inicio\"}]},{\"@type\":\"WebSite\",\"@id\":\"https:\/\/produccionssubmarines.com\/es\/#website\",\"url\":\"https:\/\/produccionssubmarines.com\/es\/\",\"name\":\"Produccions Submarines\",\"description\":\"Empresa de Management Musical\",\"publisher\":{\"@id\":\"https:\/\/produccionssubmarines.com\/es\/#organization\"},\"potentialAction\":[{\"@type\":\"SearchAction\",\"target\":{\"@type\":\"EntryPoint\",\"urlTemplate\":\"https:\/\/produccionssubmarines.com\/es\/?s={search_term_string}\"},\"query-input\":{\"@type\":\"PropertyValueSpecification\",\"valueRequired\":true,\"valueName\":\"search_term_string\"}}],\"inLanguage\":\"es\"},{\"@type\":\"Organization\",\"@id\":\"https:\/\/produccionssubmarines.com\/es\/#organization\",\"name\":\"Produccions Submarines\",\"alternateName\":\"Empresa Management Musical\",\"url\":\"https:\/\/produccionssubmarines.com\/es\/\",\"logo\":{\"@type\":\"ImageObject\",\"inLanguage\":\"es\",\"@id\":\"https:\/\/produccionssubmarines.com\/es\/#\/schema\/logo\/image\/\",\"url\":\"https:\/\/produccionssubmarines.com\/wp-content\/uploads\/2023\/06\/cropped-isotipo.png\",\"contentUrl\":\"https:\/\/produccionssubmarines.com\/wp-content\/uploads\/2023\/06\/cropped-isotipo.png\",\"width\":512,\"height\":512,\"caption\":\"Produccions Submarines\"},\"image\":{\"@id\":\"https:\/\/produccionssubmarines.com\/es\/#\/schema\/logo\/image\/\"},\"sameAs\":[\"https:\/\/es-es.facebook.com\/ProduccionsSubmarines\/\",\"https:\/\/www.instagram.com\/produccions_submarines\/\"]}]}<\/script>\n<!-- \/ Yoast SEO plugin. -->","yoast_head_json":{"title":"Inicio - Produccions Submarines","robots":{"index":"index","follow":"follow","max-snippet":"max-snippet:-1","max-image-preview":"max-image-preview:large","max-video-preview":"max-video-preview:-1"},"canonical":"https:\/\/produccionssubmarines.com\/es\/","og_locale":"es_ES","og_type":"article","og_title":"Inicio - Produccions Submarines","og_description":"Produccions submarines \u00a1Convierte tus eventos en experiencias inolvidables con nuestra empresa de management! Nos especializamos en representar y potenciar talentosos grupos de m\u00fasica, ofreciendo servicios de sonorizaci\u00f3n e iluminaci\u00f3n de vanguardia para conciertos impactantes. Adem\u00e1s, gestionamos y programamos espacios culturales, creando un ambiente \u00fanico y lleno de magia. \u00a1Conf\u00eda en nosotros y eleva tu evento [&hellip;]","og_url":"https:\/\/produccionssubmarines.com\/es\/","og_site_name":"Produccions Submarines","article_publisher":"https:\/\/es-es.facebook.com\/ProduccionsSubmarines\/","article_modified_time":"2023-06-30T14:28:41+00:00","twitter_card":"summary_large_image","twitter_misc":{"Tiempo de lectura":"1 minuto"},"schema":{"@context":"https:\/\/schema.org","@graph":[{"@type":"WebPage","@id":"https:\/\/produccionssubmarines.com\/es\/","url":"https:\/\/produccionssubmarines.com\/es\/","name":"Inicio - Produccions Submarines","isPartOf":{"@id":"https:\/\/produccionssubmarines.com\/es\/#website"},"datePublished":"2022-12-15T09:07:29+00:00","dateModified":"2023-06-30T14:28:41+00:00","breadcrumb":{"@id":"https:\/\/produccionssubmarines.com\/es\/#breadcrumb"},"inLanguage":"es","potentialAction":[{"@type":"ReadAction","target":["https:\/\/produccionssubmarines.com\/es\/"]}]},{"@type":"BreadcrumbList","@id":"https:\/\/produccionssubmarines.com\/es\/#breadcrumb","itemListElement":[{"@type":"ListItem","position":1,"name":"Inici","item":"https:\/\/produccionssubmarines.com\/es\/"},{"@type":"ListItem","position":2,"name":"Inicio"}]},{"@type":"WebSite","@id":"https:\/\/produccionssubmarines.com\/es\/#website","url":"https:\/\/produccionssubmarines.com\/es\/","name":"Produccions Submarines","description":"Empresa de Management Musical","publisher":{"@id":"https:\/\/produccionssubmarines.com\/es\/#organization"},"potentialAction":[{"@type":"SearchAction","target":{"@type":"EntryPoint","urlTemplate":"https:\/\/produccionssubmarines.com\/es\/?s={search_term_string}"},"query-input":{"@type":"PropertyValueSpecification","valueRequired":true,"valueName":"search_term_string"}}],"inLanguage":"es"},{"@type":"Organization","@id":"https:\/\/produccionssubmarines.com\/es\/#organization","name":"Produccions Submarines","alternateName":"Empresa Management Musical","url":"https:\/\/produccionssubmarines.com\/es\/","logo":{"@type":"ImageObject","inLanguage":"es","@id":"https:\/\/produccionssubmarines.com\/es\/#\/schema\/logo\/image\/","url":"https:\/\/produccionssubmarines.com\/wp-content\/uploads\/2023\/06\/cropped-isotipo.png","contentUrl":"https:\/\/produccionssubmarines.com\/wp-content\/uploads\/2023\/06\/cropped-isotipo.png","width":512,"height":512,"caption":"Produccions Submarines"},"image":{"@id":"https:\/\/produccionssubmarines.com\/es\/#\/schema\/logo\/image\/"},"sameAs":["https:\/\/es-es.facebook.com\/ProduccionsSubmarines\/","https:\/\/www.instagram.com\/produccions_submarines\/"]}]}},"_links":{"self":[{"href":"https:\/\/produccionssubmarines.com\/es\/wp-json\/wp\/v2\/pages\/843","targetHints":{"allow":["GET"]}}],"collection":[{"href":"https:\/\/produccionssubmarines.com\/es\/wp-json\/wp\/v2\/pages"}],"about":[{"href":"https:\/\/produccionssubmarines.com\/es\/wp-json\/wp\/v2\/types\/page"}],"author":[{"embeddable":true,"href":"https:\/\/produccionssubmarines.com\/es\/wp-json\/wp\/v2\/users\/1"}],"replies":[{"embeddable":true,"href":"https:\/\/produccionssubmarines.com\/es\/wp-json\/wp\/v2\/comments?post=843"}],"version-history":[{"count":16,"href":"https:\/\/produccionssubmarines.com\/es\/wp-json\/wp\/v2\/pages\/843\/revisions"}],"predecessor-version":[{"id":1713,"href":"https:\/\/produccionssubmarines.com\/es\/wp-json\/wp\/v2\/pages\/843\/revisions\/1713"}],"wp:attachment":[{"href":"https:\/\/produccionssubmarines.com\/es\/wp-json\/wp\/v2\/media?parent=843"}],"curies":[{"name":"wp","href":"https:\/\/api.w.org\/{rel}","templated":true}]}}